{"id":235,"date":"2024-04-25T18:05:03","date_gmt":"2024-04-25T23:05:03","guid":{"rendered":"https:\/\/cedro.org.pe\/cedepro\/?page_id=235"},"modified":"2024-09-05T17:07:23","modified_gmt":"2024-09-05T22:07:23","slug":"inicio","status":"publish","type":"page","link":"https:\/\/cedro.org.pe\/cedepro\/","title":{"rendered":"INICIO"},"content":{"rendered":"<p>[et_pb_section fb_built=\u00bb1&#8243; _builder_version=\u00bb4.24.2&#8243; _module_preset=\u00bbdefault\u00bb custom_padding=\u00bb0px||0px||true|false\u00bb global_colors_info=\u00bb{}\u00bb][et_pb_row use_custom_gutter=\u00bbon\u00bb gutter_width=\u00bb1&#8243; make_equal=\u00bbon\u00bb _builder_version=\u00bb4.24.2&#8243; _module_preset=\u00bbdefault\u00bb width=\u00bb100%\u00bb max_width=\u00bb100%\u00bb custom_padding=\u00bb0px||0px||true|false\u00bb global_colors_info=\u00bb{}\u00bb][et_pb_column type=\u00bb4_4&#8243; _builder_version=\u00bb4.24.2&#8243; _module_preset=\u00bbdefault\u00bb global_colors_info=\u00bb{}\u00bb][et_pb_slider show_arrows=\u00bboff\u00bb use_bg_overlay=\u00bboff\u00bb _builder_version=\u00bb4.24.2&#8243; _module_preset=\u00bbdefault\u00bb min_height=\u00bb40vw\u00bb min_height_tablet=\u00bb40vw\u00bb min_height_phone=\u00bb500px\u00bb min_height_last_edited=\u00bbon|tablet\u00bb auto=\u00bbon\u00bb auto_speed=\u00bb10000&#8243; auto_ignore_hover=\u00bbon\u00bb global_colors_info=\u00bb{}\u00bb][et_pb_slide button_text=\u00bbImportaci\u00f3n para emprender\u00bb button_link=\u00bbhttps:\/\/cedro.org.pe\/cedepro\/importacion-para-emprender\/\u00bb use_bg_overlay=\u00bbon\u00bb use_text_overlay=\u00bboff\u00bb _builder_version=\u00bb4.24.2&#8243; _module_preset=\u00bbdefault\u00bb body_font_size=\u00bb22px\u00bb background_color=\u00bbrgba(12,113,195,0.43)\u00bb background_enable_color=\u00bbon\u00bb background_image=\u00bbhttps:\/\/cedro.org.pe\/cedepro\/wp-content\/uploads\/2024\/04\/slider01-scaled.jpg\u00bb background_enable_image=\u00bbon\u00bb parallax=\u00bbon\u00bb background_blend=\u00bbmultiply\u00bb custom_button=\u00bbon\u00bb button_text_size=\u00bb40px\u00bb body_font_size_tablet=\u00bb15px\u00bb body_font_size_phone=\u00bb15px\u00bb body_font_size_last_edited=\u00bbon|tablet\u00bb button_text_size_tablet=\u00bb17px\u00bb button_text_size_phone=\u00bb17px\u00bb button_text_size_last_edited=\u00bbon|tablet\u00bb global_colors_info=\u00bb{}\u00bb button_bg_color__hover_enabled=\u00bbon|desktop\u00bb button_bg_color__hover=\u00bb#ff8c00&#8243; button_bg_enable_color__hover=\u00bbon\u00bb button_text_color__hover_enabled=\u00bbon|desktop\u00bb sticky_transition=\u00bbon\u00bb][\/et_pb_slide][\/et_pb_slider][\/et_pb_column][\/et_pb_row][\/et_pb_section][et_pb_section fb_built=\u00bb1&#8243; admin_label=\u00bb05 Hover Box\u00bb module_id=\u00bbseccion-cursos\u00bb _builder_version=\u00bb4.24.2&#8243; _module_preset=\u00bbdefault\u00bb background_color=\u00bb#f2f3f8&#8243; background_enable_image=\u00bboff\u00bb background_size=\u00bbcustom\u00bb background_image_width=\u00bb100%\u00bb background_image_height=\u00bb100%\u00bb custom_padding=\u00bb100px||100px||true|false\u00bb background_last_edited=\u00bbon|tablet\u00bb background_size_tablet=\u00bbcover\u00bb collapsed=\u00bbon\u00bb global_colors_info=\u00bb{}\u00bb][et_pb_row _builder_version=\u00bb4.19.1&#8243; _module_preset=\u00bbdefault\u00bb width_tablet=\u00bb\u00bb width_phone=\u00bb90%\u00bb width_last_edited=\u00bbon|phone\u00bb custom_padding=\u00bb0px||0px||true|false\u00bb global_colors_info=\u00bb{}\u00bb][et_pb_column type=\u00bb4_4&#8243; _builder_version=\u00bb4.19.1&#8243; _module_preset=\u00bbdefault\u00bb global_colors_info=\u00bb{}\u00bb][difl_advanced_blurb title=\u00bbCURSOS\u00bb image=\u00bbhttps:\/\/cedro.org.pe\/cedepro\/wp-content\/uploads\/2024\/04\/Group-40198.png\u00bb image_icon_alignment=\u00bbcenter\u00bb content_area_alignment=\u00bbcenter\u00bb order_enable=\u00bbon\u00bb image_order=\u00bb3&#8243; title_order=\u00bb2&#8243; sub_title_order=\u00bb1&#8243; content_order=\u00bb4&#8243; content_width=\u00bb850px\u00bb title_margin=\u00bb16px||16px||true|false\u00bb title_padding=\u00bb||0px||false|false\u00bb sub_title_padding=\u00bb||0px||false|false\u00bb content_margin=\u00bb16px||||false|false\u00bb title_margin_tablet=\u00bb16px||16px||true|false\u00bb title_margin_phone=\u00bb10px||10px||true|false\u00bb title_margin_last_edited=\u00bbon|phone\u00bb content_margin_tablet=\u00bb16px||||false|false\u00bb content_margin_phone=\u00bb10px||||false|false\u00bb content_margin_last_edited=\u00bbon|phone\u00bb _builder_version=\u00bb4.24.2&#8243; _module_preset=\u00bbdefault\u00bb title_level=\u00bbh2&#8243; title_font=\u00bbSource Sans Pro|600|||||||\u00bb title_text_align=\u00bbcenter\u00bb title_text_color=\u00bb#021d2a\u00bb title_font_size=\u00bb40px\u00bb title_line_height=\u00bb44px\u00bb sub_title_font=\u00bbSource Sans Pro|600||on|||||\u00bb sub_title_text_align=\u00bbcenter\u00bb sub_title_text_color=\u00bb#ff8c00&#8243; sub_title_font_size=\u00bb16px\u00bb sub_title_line_height=\u00bb20px\u00bb content_body_font=\u00bbSource Sans Pro||||||||\u00bb content_body_text_align=\u00bbcenter\u00bb content_body_text_color=\u00bb#021d2a\u00bb content_body_font_size=\u00bb16px\u00bb content_body_line_height=\u00bb28px\u00bb module_alignment=\u00bbcenter\u00bb title_font_size_tablet=\u00bb36px\u00bb title_font_size_phone=\u00bb29px\u00bb title_font_size_last_edited=\u00bbon|tablet\u00bb title_line_height_tablet=\u00bb44px\u00bb title_line_height_phone=\u00bb38px\u00bb title_line_height_last_edited=\u00bbon|phone\u00bb sub_title_font_size_tablet=\u00bb15px\u00bb sub_title_font_size_phone=\u00bb14px\u00bb sub_title_font_size_last_edited=\u00bbon|tablet\u00bb content_body_font_size_tablet=\u00bb15px\u00bb content_body_font_size_phone=\u00bb14px\u00bb content_body_font_size_last_edited=\u00bbon|tablet\u00bb content_body_line_height_tablet=\u00bb27px\u00bb content_body_line_height_phone=\u00bb26px\u00bb content_body_line_height_last_edited=\u00bbon|tablet\u00bb global_colors_info=\u00bb{}\u00bb]<\/p>\n<p>Modalidad: Sesi\u00f3n virtual \/ presencial \/ online<\/p>\n<p>[\/difl_advanced_blurb][\/et_pb_column][\/et_pb_row][et_pb_row column_structure=\u00bb1_3,1_3,1_3&#8243; use_custom_gutter=\u00bbon\u00bb gutter_width=\u00bb1&#8243; _builder_version=\u00bb4.27.0&#8243; _module_preset=\u00bbdefault\u00bb width=\u00bb90%\u00bb width_tablet=\u00bb\u00bb width_phone=\u00bb90%\u00bb width_last_edited=\u00bbon|phone\u00bb max_width=\u00bb90%\u00bb custom_padding=\u00bb||0px||false|false\u00bb global_colors_info=\u00bb{}\u00bb][et_pb_column type=\u00bb1_3&#8243; _builder_version=\u00bb4.19.1&#8243; _module_preset=\u00bbdefault\u00bb global_colors_info=\u00bb{}\u00bb][difl_hoverbox title=\u00bbPrimeros auxilios psicol\u00f3gicos e intervenci\u00f3n en crisis\u00bb hb_btn_button_text=\u00bbPrimeros auxilios psicol\u00f3gicos e intervenci\u00f3n en crisis\u00bb hb_btn_button_url=\u00bbhttps:\/\/cedro.org.pe\/cedepro\/primeros-auxilios-psicologicos\u00bb hb_btn_button_url_new_window=\u00bb1&#8243; hb_btn_button_align=\u00bbcenter\u00bb button_on_hover=\u00bbon\u00bb anim_direction=\u00bbtop_left\u00bb hb_btn_background_use_gradient=\u00bbon\u00bb hb_btn_background_color_gradient_1=\u00bb#0a4d85&#8243; hb_btn_background_color_gradient_2=\u00bb#0a4d85&#8243; hb_btn_background_gradient_direction=\u00bb86deg\u00bb hb_background_use_gradient=\u00bbon\u00bb hb_background_color_gradient_1=\u00bbrgba(0,0,0,0.4)\u00bb hb_background_color_gradient_2=\u00bbRGBA(0,0,0,0.4)\u00bb hb_background_above_image=\u00bbon\u00bb hb_background_background_image=\u00bbhttps:\/\/cedro.org.pe\/cedepro\/wp-content\/uploads\/2024\/04\/p_auxilios_pisocologicos-scaled.jpg\u00bb vertical_align=\u00bbcenter\u00bb wrapper_padding=\u00bb60px|60px|60px|60px|true|true\u00bb wrapper_padding_tablet=\u00bb60px|60px|60px|60px|true|true\u00bb wrapper_padding_phone=\u00bb20px|20px|20px|20px|true|true\u00bb wrapper_padding_last_edited=\u00bbon|phone\u00bb title_padding=\u00bb40px|40px|16px|40px|false|true\u00bb title_padding_tablet=\u00bb40px|40px|16px|40px|false|true\u00bb title_padding_phone=\u00bb20px|15px|10px|15px|false|true\u00bb title_padding_last_edited=\u00bbon|phone\u00bb subtitle_padding=\u00bb|40px|18px|40px|false|true\u00bb subtitle_padding_tablet=\u00bb|40px|18px|40px|false|true\u00bb subtitle_padding_phone=\u00bb|15px|10px|15px|false|true\u00bb subtitle_padding_last_edited=\u00bbon|phone\u00bb content_padding=\u00bb|40px|40px|40px|false|true\u00bb content_padding_tablet=\u00bb|40px|40px|40px|false|true\u00bb content_padding_phone=\u00bb|15px|20px|15px|false|true\u00bb content_padding_last_edited=\u00bbon|phone\u00bb button_padding=\u00bb18px|48px|18px|48px|true|true\u00bb button_padding_tablet=\u00bb15px|45px|15px|45px|true|true\u00bb button_padding_phone=\u00bb12px|40px|12px|40px|true|true\u00bb button_padding_last_edited=\u00bbon|desktop\u00bb title_bg_bgcolor=\u00bbrgba(0,0,0,0.8)\u00bb subtitle_bg_bgcolor=\u00bbRGBA(0,0,0,0.8)\u00bb content_bg_bgcolor=\u00bbRGBA(0,0,0,0.8)\u00bb _builder_version=\u00bb4.24.2&#8243; _module_preset=\u00bbdefault\u00bb title_font=\u00bbSource Sans Pro|700|||||||\u00bb title_text_align=\u00bbcenter\u00bb title_text_color=\u00bb#0f9cbf\u00bb title_font_size=\u00bb20px\u00bb title_line_height=\u00bb1.3em\u00bb sub_title_font=\u00bbSource Sans Pro|600|||||||\u00bb sub_title_text_align=\u00bbcenter\u00bb sub_title_text_color=\u00bb#ffffff\u00bb sub_title_font_size=\u00bb26px\u00bb sub_title_line_height=\u00bb1.5em\u00bb content_font=\u00bbSource Sans Pro||||||||\u00bb content_text_align=\u00bbcenter\u00bb content_text_color=\u00bb#ffffff\u00bb content_font_size=\u00bb16px\u00bb content_line_height=\u00bb1.8em\u00bb button_font=\u00bbSource Sans Pro|600|||||||\u00bb button_text_color=\u00bb#ffffff\u00bb button_font_size=\u00bb17px\u00bb min_height_tablet=\u00bb\u00bb min_height_phone=\u00bb\u00bb min_height_last_edited=\u00bbon|phone\u00bb height=\u00bb400px\u00bb height_tablet=\u00bb400px\u00bb height_phone=\u00bb400px\u00bb height_last_edited=\u00bbon|desktop\u00bb border_width_all_button=\u00bb1px\u00bb border_color_all_button=\u00bb#FFFFFF\u00bb border_radii_title=\u00bboff||||\u00bb border_radii_content=\u00bboff||||\u00bb locked=\u00bboff\u00bb global_colors_info=\u00bb{}\u00bb hb_background_background_image__hover_enabled=\u00bbon|hover\u00bb hb_background_background_image__hover=\u00bbhttps:\/\/cedro.org.pe\/cedepro\/wp-content\/uploads\/2024\/03\/CEREMONIA-DE-CLAUSURA-ABRIENDO-CAMINOS-CLUB-DEPARTAMENTAL-HUANCAVELICA_1.jpg\u00bb]<\/p>\n<p>Desarrollar\u00e1s habilidades para intervenir en una crisis psicol\u00f3gica o evento traum\u00e1tico, promoviendo la resiliencia y aplicando t\u00e9cnicas para emergencias psicol\u00f3gicas y psiqui\u00e1tricas.<\/p>\n<p>[\/difl_hoverbox][\/et_pb_column][et_pb_column type=\u00bb1_3&#8243; _builder_version=\u00bb4.19.1&#8243; _module_preset=\u00bbdefault\u00bb global_colors_info=\u00bb{}\u00bb][difl_hoverbox title=\u00bbImportaci\u00f3n para emprender\u00bb hb_btn_button_text=\u00bbImportaci\u00f3n para emprender\u00bb hb_btn_button_url=\u00bbhttps:\/\/cedro.org.pe\/cedepro\/importacion-para-emprender\u00bb hb_btn_button_url_new_window=\u00bb1&#8243; hb_btn_button_align=\u00bbcenter\u00bb button_on_hover=\u00bbon\u00bb anim_direction=\u00bbbottom_right\u00bb hb_btn_background_use_gradient=\u00bbon\u00bb hb_btn_background_color_gradient_1=\u00bb#ff8c00&#8243; hb_btn_background_color_gradient_2=\u00bb#ff8c00&#8243; hb_btn_background_gradient_direction=\u00bb86deg\u00bb hb_background_use_gradient=\u00bbon\u00bb hb_background_color_gradient_1=\u00bbrgba(0,0,0,0.4)\u00bb hb_background_color_gradient_2=\u00bbRGBA(0,0,0,0.4)\u00bb hb_background_above_image=\u00bbon\u00bb hb_background_background_image=\u00bbhttps:\/\/cedro.org.pe\/cedepro\/wp-content\/uploads\/2024\/04\/slider01-scaled.jpg\u00bb vertical_align=\u00bbcenter\u00bb wrapper_padding=\u00bb60px|60px|60px|60px|true|true\u00bb wrapper_padding_tablet=\u00bb60px|60px|60px|60px|true|true\u00bb wrapper_padding_phone=\u00bb20px|20px|20px|20px|true|true\u00bb wrapper_padding_last_edited=\u00bbon|phone\u00bb title_padding=\u00bb40px|40px|16px|40px|false|true\u00bb title_padding_tablet=\u00bb40px|40px|16px|40px|false|true\u00bb title_padding_phone=\u00bb20px|15px|10px|15px|false|true\u00bb title_padding_last_edited=\u00bbon|phone\u00bb subtitle_padding=\u00bb|40px|18px|40px|false|true\u00bb subtitle_padding_tablet=\u00bb|40px|18px|40px|false|true\u00bb subtitle_padding_phone=\u00bb|15px|10px|15px|false|true\u00bb subtitle_padding_last_edited=\u00bbon|phone\u00bb content_padding=\u00bb|40px|40px|40px|false|true\u00bb content_padding_tablet=\u00bb|40px|40px|40px|false|true\u00bb content_padding_phone=\u00bb|15px|20px|15px|false|true\u00bb content_padding_last_edited=\u00bbon|phone\u00bb button_padding=\u00bb18px|48px|18px|48px|true|true\u00bb button_padding_tablet=\u00bb15px|45px|15px|45px|true|true\u00bb button_padding_phone=\u00bb12px|40px|12px|40px|true|true\u00bb button_padding_last_edited=\u00bbon|desktop\u00bb title_bg_bgcolor=\u00bbrgba(0,0,0,0.8)\u00bb subtitle_bg_bgcolor=\u00bbRGBA(0,0,0,0.8)\u00bb content_bg_bgcolor=\u00bbRGBA(0,0,0,0.8)\u00bb _builder_version=\u00bb4.24.2&#8243; _module_preset=\u00bbdefault\u00bb title_font=\u00bbSource Sans Pro|700|||||||\u00bb title_text_align=\u00bbcenter\u00bb title_text_color=\u00bb#ff8c00&#8243; title_font_size=\u00bb20px\u00bb title_line_height=\u00bb1.3em\u00bb sub_title_font=\u00bbSource Sans Pro|600|||||||\u00bb sub_title_text_align=\u00bbcenter\u00bb sub_title_text_color=\u00bb#ffffff\u00bb sub_title_font_size=\u00bb26px\u00bb sub_title_line_height=\u00bb1.5em\u00bb content_font=\u00bbSource Sans Pro||||||||\u00bb content_text_align=\u00bbcenter\u00bb content_text_color=\u00bb#ffffff\u00bb content_font_size=\u00bb16px\u00bb content_line_height=\u00bb1.8em\u00bb button_font=\u00bbSource Sans Pro|600|||||||\u00bb button_text_color=\u00bb#ffffff\u00bb button_font_size=\u00bb17px\u00bb height=\u00bb400px\u00bb height_tablet=\u00bb400px\u00bb height_phone=\u00bb400px\u00bb height_last_edited=\u00bbon|desktop\u00bb content_font_size_tablet=\u00bb13px\u00bb content_font_size_phone=\u00bb13px\u00bb content_font_size_last_edited=\u00bbon|desktop\u00bb border_width_all_button=\u00bb1px\u00bb border_color_all_button=\u00bb#FFFFFF\u00bb border_radii_title=\u00bboff||||\u00bb border_radii_content=\u00bboff||||\u00bb locked=\u00bboff\u00bb global_colors_info=\u00bb{}\u00bb hb_background_background_image__hover_enabled=\u00bbon|hover\u00bb hb_background_background_image__hover=\u00bbhttps:\/\/cedro.org.pe\/cedepro\/wp-content\/uploads\/2024\/04\/slider02-scaled.jpg\u00bb]<\/p>\n<p>Aprender\u00e1s a importar de pa\u00edses del exterior, explorando sus plataformas comerciales, identificando el producto ganador y coordinando sus tr\u00e1mites aduaneros.<\/p>\n<p>[\/difl_hoverbox][\/et_pb_column][et_pb_column type=\u00bb1_3&#8243; _builder_version=\u00bb4.19.1&#8243; _module_preset=\u00bbdefault\u00bb global_colors_info=\u00bb{}\u00bb][difl_hoverbox title=\u00bbSalud mental y conductas adictivas\u00bb hb_btn_button_text=\u00bbSalud mental y conductas adictivas\u00bb hb_btn_button_url=\u00bbhttps:\/\/cedro.org.pe\/cedepro\/salud-mental-y-conductas-adictivas\/\u00bb hb_btn_button_url_new_window=\u00bb1&#8243; hb_btn_button_align=\u00bbcenter\u00bb button_on_hover=\u00bbon\u00bb anim_direction=\u00bbtop_left\u00bb hb_btn_background_use_gradient=\u00bbon\u00bb hb_btn_background_color_gradient_1=\u00bb#0a4d85&#8243; hb_btn_background_color_gradient_2=\u00bb#0a4d85&#8243; hb_btn_background_gradient_direction=\u00bb86deg\u00bb hb_background_use_gradient=\u00bbon\u00bb hb_background_color_gradient_1=\u00bbrgba(0,0,0,0.4)\u00bb hb_background_color_gradient_2=\u00bbRGBA(0,0,0,0.4)\u00bb hb_background_above_image=\u00bbon\u00bb hb_background_background_image=\u00bbhttps:\/\/cedro.org.pe\/cedepro\/wp-content\/uploads\/2024\/04\/p_auxilios_pisocologicos-scaled.jpg\u00bb vertical_align=\u00bbcenter\u00bb wrapper_padding=\u00bb60px|60px|60px|60px|true|true\u00bb wrapper_padding_tablet=\u00bb60px|60px|60px|60px|true|true\u00bb wrapper_padding_phone=\u00bb20px|20px|20px|20px|true|true\u00bb wrapper_padding_last_edited=\u00bbon|phone\u00bb title_padding=\u00bb40px|40px|16px|40px|false|true\u00bb title_padding_tablet=\u00bb40px|40px|16px|40px|false|true\u00bb title_padding_phone=\u00bb20px|15px|10px|15px|false|true\u00bb title_padding_last_edited=\u00bbon|phone\u00bb subtitle_padding=\u00bb|40px|18px|40px|false|true\u00bb subtitle_padding_tablet=\u00bb|40px|18px|40px|false|true\u00bb subtitle_padding_phone=\u00bb|15px|10px|15px|false|true\u00bb subtitle_padding_last_edited=\u00bbon|phone\u00bb content_padding=\u00bb|40px|40px|40px|false|true\u00bb content_padding_tablet=\u00bb|40px|40px|40px|false|true\u00bb content_padding_phone=\u00bb|15px|20px|15px|false|true\u00bb content_padding_last_edited=\u00bbon|phone\u00bb button_padding=\u00bb18px|48px|18px|48px|true|true\u00bb button_padding_tablet=\u00bb15px|45px|15px|45px|true|true\u00bb button_padding_phone=\u00bb12px|40px|12px|40px|true|true\u00bb button_padding_last_edited=\u00bbon|desktop\u00bb title_bg_bgcolor=\u00bbrgba(0,0,0,0.8)\u00bb subtitle_bg_bgcolor=\u00bbRGBA(0,0,0,0.8)\u00bb content_bg_bgcolor=\u00bbRGBA(0,0,0,0.8)\u00bb _builder_version=\u00bb4.27.0&#8243; _module_preset=\u00bbdefault\u00bb title_font=\u00bbSource Sans Pro|700|||||||\u00bb title_text_align=\u00bbcenter\u00bb title_text_color=\u00bb#0f9cbf\u00bb title_font_size=\u00bb20px\u00bb title_line_height=\u00bb1.3em\u00bb sub_title_font=\u00bbSource Sans Pro|600|||||||\u00bb sub_title_text_align=\u00bbcenter\u00bb sub_title_text_color=\u00bb#ffffff\u00bb sub_title_font_size=\u00bb26px\u00bb sub_title_line_height=\u00bb1.5em\u00bb content_font=\u00bbSource Sans Pro||||||||\u00bb content_text_align=\u00bbcenter\u00bb content_text_color=\u00bb#ffffff\u00bb content_font_size=\u00bb16px\u00bb content_line_height=\u00bb1.8em\u00bb button_font=\u00bbSource Sans Pro|600|||||||\u00bb button_text_color=\u00bb#ffffff\u00bb button_font_size=\u00bb17px\u00bb min_height_tablet=\u00bb\u00bb min_height_phone=\u00bb\u00bb min_height_last_edited=\u00bbon|phone\u00bb height=\u00bb400px\u00bb height_tablet=\u00bb400px\u00bb height_phone=\u00bb400px\u00bb height_last_edited=\u00bbon|desktop\u00bb border_width_all_button=\u00bb1px\u00bb border_color_all_button=\u00bb#FFFFFF\u00bb border_radii_title=\u00bboff||||\u00bb border_radii_content=\u00bboff||||\u00bb locked=\u00bboff\u00bb global_colors_info=\u00bb{}\u00bb hb_background_background_image__hover_enabled=\u00bbon|hover\u00bb hb_background_background_image__hover=\u00bbhttps:\/\/cedro.org.pe\/cedepro\/wp-content\/uploads\/2024\/03\/CEREMONIA-DE-CLAUSURA-ABRIENDO-CAMINOS-CLUB-DEPARTAMENTAL-HUANCAVELICA_1.jpg\u00bb]<\/p>\n<p>Capacitar a los y las psic\u00f3logas, profesionales de la salud y estudiantes paraaplicar evaluaciones psicol\u00f3gicas y utilizar diferentes enfoques terap\u00e9uticos enel manejo de los trastornos mentales y comportamientos adictivos.<\/p>\n<p>[\/difl_hoverbox][\/et_pb_column][\/et_pb_row][\/et_pb_section][et_pb_section fb_built=\u00bb1&#8243; custom_padding_last_edited=\u00bbon|tablet\u00bb admin_label=\u00bb01 Logo Carousel\u00bb _builder_version=\u00bb4.18.0&#8243; _module_preset=\u00bbdefault\u00bb background_color=\u00bb#faf8f4&#8243; custom_padding=\u00bb150px||150px||true|false\u00bb custom_padding_tablet=\u00bb100px||100px||true|false\u00bb custom_padding_phone=\u00bb50px||50px||true|false\u00bb global_colors_info=\u00bb{}\u00bb][et_pb_row use_custom_gutter=\u00bbon\u00bb gutter_width=\u00bb1&#8243; _builder_version=\u00bb4.24.2&#8243; _module_preset=\u00bbdefault\u00bb width=\u00bb90%\u00bb width_tablet=\u00bb\u00bb width_phone=\u00bb90%\u00bb width_last_edited=\u00bbon|phone\u00bb max_width=\u00bb90%\u00bb module_alignment=\u00bbcenter\u00bb custom_padding=\u00bb0px||0px||true|false\u00bb global_colors_info=\u00bb{}\u00bb][et_pb_column type=\u00bb4_4&#8243; _builder_version=\u00bb4.18.0&#8243; _module_preset=\u00bbdefault\u00bb global_colors_info=\u00bb{}\u00bb][difl_logocarousel lc_max_width=\u00bb90%\u00bb lc_vertical=\u00bbcenter\u00bb equal_height=\u00bbon\u00bb item_spacing=\u00bb32px\u00bb ticker=\u00bbon\u00bb ticker_hover=\u00bbon\u00bb ticker_speed=\u00bb10000&#8243; _builder_version=\u00bb4.27.0&#8243; _module_preset=\u00bbdefault\u00bb hover_enabled=\u00bb0&#8243; global_colors_info=\u00bb{}\u00bb sticky_enabled=\u00bb0&#8243;][difl_logocarouselitem image=\u00bbhttps:\/\/cedro.org.pe\/cedepro\/wp-content\/uploads\/2024\/04\/Logo_Cedro.png\u00bb _builder_version=\u00bb4.24.2&#8243; _module_preset=\u00bbdefault\u00bb background_color=\u00bb#FFFFFF\u00bb background_enable_color=\u00bbon\u00bb custom_padding=\u00bb32px||32px||true|false\u00bb border_radii=\u00bbon|16px|16px|16px|16px\u00bb box_shadow_style=\u00bbpreset1&#8243; box_shadow_vertical=\u00bb16px\u00bb box_shadow_blur=\u00bb32px\u00bb box_shadow_color=\u00bbrgba(255,237,229,0.1)\u00bb global_colors_info=\u00bb{}\u00bb][\/difl_logocarouselitem][difl_logocarouselitem image=\u00bbhttps:\/\/cedro.org.pe\/cedepro\/wp-content\/uploads\/2024\/04\/u.champagnat.png\u00bb _builder_version=\u00bb4.24.2&#8243; _module_preset=\u00bbdefault\u00bb background_color=\u00bb#FFFFFF\u00bb background_enable_color=\u00bbon\u00bb custom_padding=\u00bb32px||32px||true|false\u00bb border_radii=\u00bbon|16px|16px|16px|16px\u00bb box_shadow_style=\u00bbpreset1&#8243; box_shadow_vertical=\u00bb16px\u00bb box_shadow_blur=\u00bb32px\u00bb box_shadow_color=\u00bbrgba(255,237,229,0.1)\u00bb global_colors_info=\u00bb{}\u00bb][\/difl_logocarouselitem][difl_logocarouselitem image=\u00bbhttps:\/\/cedro.org.pe\/cedepro\/wp-content\/uploads\/2024\/04\/ULASALLE.jpg\u00bb _builder_version=\u00bb4.24.2&#8243; _module_preset=\u00bbdefault\u00bb background_color=\u00bb#FFFFFF\u00bb background_enable_color=\u00bbon\u00bb custom_padding=\u00bb32px||32px||true|false\u00bb border_radii=\u00bbon|16px|16px|16px|16px\u00bb box_shadow_style=\u00bbpreset1&#8243; box_shadow_vertical=\u00bb16px\u00bb box_shadow_blur=\u00bb32px\u00bb box_shadow_color=\u00bbrgba(255,237,229,0.1)\u00bb global_colors_info=\u00bb{}\u00bb][\/difl_logocarouselitem][difl_logocarouselitem image=\u00bbhttps:\/\/cedro.org.pe\/cedepro\/wp-content\/uploads\/2024\/09\/Universidad-Norbert-Wiener.png\u00bb _builder_version=\u00bb4.27.0&#8243; _module_preset=\u00bbdefault\u00bb background_color=\u00bb#FFFFFF\u00bb background_enable_color=\u00bbon\u00bb custom_padding=\u00bb32px||32px||true|false\u00bb hover_enabled=\u00bb0&#8243; border_radii=\u00bbon|16px|16px|16px|16px\u00bb box_shadow_style=\u00bbpreset1&#8243; box_shadow_vertical=\u00bb16px\u00bb box_shadow_blur=\u00bb32px\u00bb box_shadow_color=\u00bbrgba(255,237,229,0.1)\u00bb global_colors_info=\u00bb{}\u00bb title_text=\u00bbUniversidad Norbert Wiener\u00bb sticky_enabled=\u00bb0&#8243;][\/difl_logocarouselitem][\/difl_logocarousel][\/et_pb_column][\/et_pb_row][\/et_pb_section]<\/p>\n","protected":false},"excerpt":{"rendered":"<div class=\"et_pb_module difl_advanced_blurb difl_advanced_blurb_0\">\n\t\t\t\t\n\t\t\t\t\n\t\t\t\t\n\t\t\t\t\n\t\t\t\t\n\t\t\t\t\n\t\t\t\t<div class=\"et_pb_module_inner\">\n\t\t\t\t\t<div class=\"df_ab_blurb_container\"> <div class=\"df_ab_blurb_content_container\"><div class=\"df_ab_blurb_image image placement_image_flex_top\"><img decoding=\"async\" class=\"df_ab_blurb_image_img\" src=\"\u00bbhttps:\/\/cedro.org.pe\/cedepro\/wp-content\/uploads\/2024\/04\/Group-40198.png\u00bb\" alt=\"\" \/><\/div> <h4  class=\"df_ab_blurb_title\">\u00bbCURSOS\u00bb<\/h4 >    <\/div><\/div>\n\t\t\t\t<\/div>\n\t\t\t<\/div>\n","protected":false},"author":1,"featured_media":0,"parent":0,"menu_order":0,"comment_status":"closed","ping_status":"closed","template":"","meta":{"_et_pb_use_builder":"on","_et_pb_old_content":"","_et_gb_content_width":"","footnotes":""},"difl_page_category":[],"class_list":["post-235","page","type-page","status-publish","hentry"],"_links":{"self":[{"href":"https:\/\/cedro.org.pe\/cedepro\/wp-json\/wp\/v2\/pages\/235","targetHints":{"allow":["GET"]}}],"collection":[{"href":"https:\/\/cedro.org.pe\/cedepro\/wp-json\/wp\/v2\/pages"}],"about":[{"href":"https:\/\/cedro.org.pe\/cedepro\/wp-json\/wp\/v2\/types\/page"}],"author":[{"embeddable":true,"href":"https:\/\/cedro.org.pe\/cedepro\/wp-json\/wp\/v2\/users\/1"}],"replies":[{"embeddable":true,"href":"https:\/\/cedro.org.pe\/cedepro\/wp-json\/wp\/v2\/comments?post=235"}],"version-history":[{"count":70,"href":"https:\/\/cedro.org.pe\/cedepro\/wp-json\/wp\/v2\/pages\/235\/revisions"}],"predecessor-version":[{"id":279159,"href":"https:\/\/cedro.org.pe\/cedepro\/wp-json\/wp\/v2\/pages\/235\/revisions\/279159"}],"wp:attachment":[{"href":"https:\/\/cedro.org.pe\/cedepro\/wp-json\/wp\/v2\/media?parent=235"}],"wp:term":[{"taxonomy":"difl_page_category","embeddable":true,"href":"https:\/\/cedro.org.pe\/cedepro\/wp-json\/wp\/v2\/difl_page_category?post=235"}],"curies":[{"name":"wp","href":"https:\/\/api.w.org\/{rel}","templated":true}]}}